{"id":2367,"date":"2023-12-10T13:54:00","date_gmt":"2023-12-10T13:54:00","guid":{"rendered":"https:\/\/kamenzer-jagdverband.de\/?page_id=2367"},"modified":"2024-07-04T12:20:32","modified_gmt":"2024-07-04T12:20:32","slug":"elementor-2367","status":"publish","type":"page","link":"https:\/\/kamenzer-jagdverband.de\/?page_id=2367","title":{"rendered":"Jagdgebrauchshundewesen"},"content":{"rendered":"\t\t<div data-elementor-type=\"wp-page\" data-elementor-id=\"2367\" class=\"elementor elementor-2367\">\n\t\t\t\t\t\t<section class=\"elementor-section elementor-top-section elementor-element elementor-element-15061a24 elementor-section-height-min-height elementor-section-boxed elementor-section-height-default elementor-section-items-middle\" data-id=\"15061a24\" data-element_type=\"section\" data-e-type=\"section\" data-settings=\"{&quot;background_background&quot;:&quot;classic&quot;,&quot;shape_divider_bottom&quot;:&quot;wave-brush&quot;,&quot;animation&quot;:&quot;none&quot;}\">\n\t\t\t\t\t<div class=\"elementor-shape elementor-shape-bottom\" aria-hidden=\"true\" data-negative=\"false\">\n\t\t\t<svg xmlns=\"http:\/\/www.w3.org\/2000\/svg\" viewBox=\"0 0 283.5 27.8\" preserveAspectRatio=\"none\">\n\t<path class=\"elementor-shape-fill\" d=\"M283.5,9.7c0,0-7.3,4.3-14,4.6c-6.8,0.3-12.6,0-20.9-1.5c-11.3-2-33.1-10.1-44.7-5.7\ts-12.1,4.6-18,7.4c-6.6,3.2-20,9.6-36.6,9.3C131.6,23.5,99.5,7.2,86.3,8c-1.4,0.1-6.6,0.8-10.5,2c-3.8,1.2-9.4,3.8-17,4.7\tc-3.2,0.4-8.3,1.1-14.2,0.9c-1.5-0.1-6.3-0.4-12-1.6c-5.7-1.2-11-3.1-15.8-3.7C6.5,9.2,0,10.8,0,10.8V0h283.5V9.7z M260.8,11.3\tc-0.7-1-2-0.4-4.3-0.4c-2.3,0-6.1-1.2-5.8-1.1c0.3,0.1,3.1,1.5,6,1.9C259.7,12.2,261.4,12.3,260.8,11.3z M242.4,8.6\tc0,0-2.4-0.2-5.6-0.9c-3.2-0.8-10.3-2.8-15.1-3.5c-8.2-1.1-15.8,0-15.1,0.1c0.8,0.1,9.6-0.6,17.6,1.1c3.3,0.7,9.3,2.2,12.4,2.7\tC239.9,8.7,242.4,8.6,242.4,8.6z M185.2,8.5c1.7-0.7-13.3,4.7-18.5,6.1c-2.1,0.6-6.2,1.6-10,2c-3.9,0.4-8.9,0.4-8.8,0.5\tc0,0.2,5.8,0.8,11.2,0c5.4-0.8,5.2-1.1,7.6-1.6C170.5,14.7,183.5,9.2,185.2,8.5z M199.1,6.9c0.2,0-0.8-0.4-4.8,1.1\tc-4,1.5-6.7,3.5-6.9,3.7c-0.2,0.1,3.5-1.8,6.6-3C197,7.5,199,6.9,199.1,6.9z M283,6c-0.1,0.1-1.9,1.1-4.8,2.5s-6.9,2.8-6.7,2.7\tc0.2,0,3.5-0.6,7.4-2.5C282.8,6.8,283.1,5.9,283,6z M31.3,11.6c0.1-0.2-1.9-0.2-4.5-1.2s-5.4-1.6-7.8-2C15,7.6,7.3,8.5,7.7,8.6\tC8,8.7,15.9,8.3,20.2,9.3c2.2,0.5,2.4,0.5,5.7,1.6S31.2,11.9,31.3,11.6z M73,9.2c0.4-0.1,3.5-1.6,8.4-2.6c4.9-1.1,8.9-0.5,8.9-0.8\tc0-0.3-1-0.9-6.2-0.3S72.6,9.3,73,9.2z M71.6,6.7C71.8,6.8,75,5.4,77.3,5c2.3-0.3,1.9-0.5,1.9-0.6c0-0.1-1.1-0.2-2.7,0.2\tC74.8,5.1,71.4,6.6,71.6,6.7z M93.6,4.4c0.1,0.2,3.5,0.8,5.6,1.8c2.1,1,1.8,0.6,1.9,0.5c0.1-0.1-0.8-0.8-2.4-1.3\tC97.1,4.8,93.5,4.2,93.6,4.4z M65.4,11.1c-0.1,0.3,0.3,0.5,1.9-0.2s2.6-1.3,2.2-1.2s-0.9,0.4-2.5,0.8C65.3,10.9,65.5,10.8,65.4,11.1\tz M34.5,12.4c-0.2,0,2.1,0.8,3.3,0.9c1.2,0.1,2,0.1,2-0.2c0-0.3-0.1-0.5-1.6-0.4C36.6,12.8,34.7,12.4,34.5,12.4z M152.2,21.1\tc-0.1,0.1-2.4-0.3-7.5-0.3c-5,0-13.6-2.4-17.2-3.5c-3.6-1.1,10,3.9,16.5,4.1C150.5,21.6,152.3,21,152.2,21.1z\"\/>\n\t<path class=\"elementor-shape-fill\" d=\"M269.6,18c-0.1-0.1-4.6,0.3-7.2,0c-7.3-0.7-17-3.2-16.6-2.9c0.4,0.3,13.7,3.1,17,3.3\tC267.7,18.8,269.7,18,269.6,18z\"\/>\n\t<path class=\"elementor-shape-fill\" d=\"M227.4,9.8c-0.2-0.1-4.5-1-9.5-1.2c-5-0.2-12.7,0.6-12.3,0.5c0.3-0.1,5.9-1.8,13.3-1.2\tS227.6,9.9,227.4,9.8z\"\/>\n\t<path class=\"elementor-shape-fill\" d=\"M204.5,13.4c-0.1-0.1,2-1,3.2-1.1c1.2-0.1,2,0,2,0.3c0,0.3-0.1,0.5-1.6,0.4\tC206.4,12.9,204.6,13.5,204.5,13.4z\"\/>\n\t<path class=\"elementor-shape-fill\" d=\"M201,10.6c0-0.1-4.4,1.2-6.3,2.2c-1.9,0.9-6.2,3.1-6.1,3.1c0.1,0.1,4.2-1.6,6.3-2.6\tS201,10.7,201,10.6z\"\/>\n\t<path class=\"elementor-shape-fill\" d=\"M154.5,26.7c-0.1-0.1-4.6,0.3-7.2,0c-7.3-0.7-17-3.2-16.6-2.9c0.4,0.3,13.7,3.1,17,3.3\tC152.6,27.5,154.6,26.8,154.5,26.7z\"\/>\n\t<path class=\"elementor-shape-fill\" d=\"M41.9,19.3c0,0,1.2-0.3,2.9-0.1c1.7,0.2,5.8,0.9,8.2,0.7c4.2-0.4,7.4-2.7,7-2.6\tc-0.4,0-4.3,2.2-8.6,1.9c-1.8-0.1-5.1-0.5-6.7-0.4S41.9,19.3,41.9,19.3z\"\/>\n\t<path class=\"elementor-shape-fill\" d=\"M75.5,12.6c0.2,0.1,2-0.8,4.3-1.1c2.3-0.2,2.1-0.3,2.1-0.5c0-0.1-1.8-0.4-3.4,0\tC76.9,11.5,75.3,12.5,75.5,12.6z\"\/>\n\t<path class=\"elementor-shape-fill\" d=\"M15.6,13.2c0-0.1,4.3,0,6.7,0.5c2.4,0.5,5,1.9,5,2c0,0.1-2.7-0.8-5.1-1.4\tC19.9,13.7,15.7,13.3,15.6,13.2z\"\/>\n<\/svg>\t\t<\/div>\n\t\t\t\t\t<div class=\"elementor-container elementor-column-gap-default\">\n\t\t\t\t\t<div class=\"elementor-column elementor-col-100 elementor-top-column elementor-element elementor-element-f25278b\" data-id=\"f25278b\" data-element_type=\"column\" data-e-type=\"column\">\n\t\t\t<div class=\"elementor-widget-wrap elementor-element-populated\">\n\t\t\t\t\t\t<div class=\"elementor-element elementor-element-3d62c13 elementor-widget elementor-widget-heading\" data-id=\"3d62c13\" data-element_type=\"widget\" data-e-type=\"widget\" data-widget_type=\"heading.default\">\n\t\t\t\t<div class=\"elementor-widget-container\">\n\t\t\t\t\t<h2 class=\"elementor-heading-title elementor-size-default\">Jagdgebrauchshundewesen<\/h2>\t\t\t\t<\/div>\n\t\t\t\t<\/div>\n\t\t\t\t\t<\/div>\n\t\t<\/div>\n\t\t\t\t\t<\/div>\n\t\t<\/section>\n\t\t\t\t<section class=\"elementor-section elementor-top-section elementor-element elementor-element-ccadad8 elementor-section-boxed elementor-section-height-default elementor-section-height-default\" data-id=\"ccadad8\" data-element_type=\"section\" data-e-type=\"section\">\n\t\t\t\t\t\t<div class=\"elementor-container elementor-column-gap-default\">\n\t\t\t\t\t<div class=\"elementor-column elementor-col-33 elementor-top-column elementor-element elementor-element-a8bbde0\" data-id=\"a8bbde0\" data-element_type=\"column\" data-e-type=\"column\">\n\t\t\t<div class=\"elementor-widget-wrap elementor-element-populated\">\n\t\t\t\t\t\t<div class=\"elementor-element elementor-element-7361070 elementor-widget elementor-widget-image\" data-id=\"7361070\" data-element_type=\"widget\" data-e-type=\"widget\" data-widget_type=\"image.default\">\n\t\t\t\t<div class=\"elementor-widget-container\">\n\t\t\t\t\t\t\t\t\t\t\t\t\t\t\t<img fetchpriority=\"high\" decoding=\"async\" width=\"300\" height=\"226\" src=\"https:\/\/kamenzer-jagdverband.de\/wp-content\/uploads\/2023\/09\/Hund-bringt-Fuchs-300x226.jpg\" class=\"attachment-medium size-medium wp-image-2209\" alt=\"\" srcset=\"https:\/\/kamenzer-jagdverband.de\/wp-content\/uploads\/2023\/09\/Hund-bringt-Fuchs-300x226.jpg 300w, https:\/\/kamenzer-jagdverband.de\/wp-content\/uploads\/2023\/09\/Hund-bringt-Fuchs-1024x773.jpg 1024w, https:\/\/kamenzer-jagdverband.de\/wp-content\/uploads\/2023\/09\/Hund-bringt-Fuchs-768x580.jpg 768w, https:\/\/kamenzer-jagdverband.de\/wp-content\/uploads\/2023\/09\/Hund-bringt-Fuchs-1536x1159.jpg 1536w, https:\/\/kamenzer-jagdverband.de\/wp-content\/uploads\/2023\/09\/Hund-bringt-Fuchs-2048x1545.jpg 2048w, https:\/\/kamenzer-jagdverband.de\/wp-content\/uploads\/2023\/09\/Hund-bringt-Fuchs-600x453.jpg 600w\" sizes=\"(max-width: 300px) 100vw, 300px\" \/>\t\t\t\t\t\t\t\t\t\t\t\t\t\t\t<\/div>\n\t\t\t\t<\/div>\n\t\t\t\t\t<\/div>\n\t\t<\/div>\n\t\t\t\t<div class=\"elementor-column elementor-col-33 elementor-top-column elementor-element elementor-element-efa6da6\" data-id=\"efa6da6\" data-element_type=\"column\" data-e-type=\"column\">\n\t\t\t<div class=\"elementor-widget-wrap elementor-element-populated\">\n\t\t\t\t\t\t<div class=\"elementor-element elementor-element-f79a321 elementor-widget elementor-widget-image\" data-id=\"f79a321\" data-element_type=\"widget\" data-e-type=\"widget\" data-widget_type=\"image.default\">\n\t\t\t\t<div class=\"elementor-widget-container\">\n\t\t\t\t\t\t\t\t\t\t\t\t\t\t\t<img decoding=\"async\" width=\"300\" height=\"227\" src=\"https:\/\/kamenzer-jagdverband.de\/wp-content\/uploads\/2023\/09\/Stoeberhund-300x227.jpg\" class=\"attachment-medium size-medium wp-image-2198\" alt=\"\" srcset=\"https:\/\/kamenzer-jagdverband.de\/wp-content\/uploads\/2023\/09\/Stoeberhund-300x227.jpg 300w, https:\/\/kamenzer-jagdverband.de\/wp-content\/uploads\/2023\/09\/Stoeberhund-1024x774.jpg 1024w, https:\/\/kamenzer-jagdverband.de\/wp-content\/uploads\/2023\/09\/Stoeberhund-768x581.jpg 768w, https:\/\/kamenzer-jagdverband.de\/wp-content\/uploads\/2023\/09\/Stoeberhund-1536x1161.jpg 1536w, https:\/\/kamenzer-jagdverband.de\/wp-content\/uploads\/2023\/09\/Stoeberhund-2048x1548.jpg 2048w, https:\/\/kamenzer-jagdverband.de\/wp-content\/uploads\/2023\/09\/Stoeberhund-600x454.jpg 600w\" sizes=\"(max-width: 300px) 100vw, 300px\" \/>\t\t\t\t\t\t\t\t\t\t\t\t\t\t\t<\/div>\n\t\t\t\t<\/div>\n\t\t\t\t\t<\/div>\n\t\t<\/div>\n\t\t\t\t<div class=\"elementor-column elementor-col-33 elementor-top-column elementor-element elementor-element-9cc7bc8\" data-id=\"9cc7bc8\" data-element_type=\"column\" data-e-type=\"column\">\n\t\t\t<div class=\"elementor-widget-wrap elementor-element-populated\">\n\t\t\t\t\t\t<div class=\"elementor-element elementor-element-2644043 elementor-widget elementor-widget-image\" data-id=\"2644043\" data-element_type=\"widget\" data-e-type=\"widget\" data-widget_type=\"image.default\">\n\t\t\t\t<div class=\"elementor-widget-container\">\n\t\t\t\t\t\t\t\t\t\t\t\t\t\t\t<img decoding=\"async\" src=\"https:\/\/kamenzer-jagdverband.de\/wp-content\/uploads\/elementor\/thumbs\/Hund-3-1-scaled-qglxsl631ll47pfr0khwywvxounjog6erax94sqwq0.jpg\" title=\"Hund 3\" alt=\"Hund 3\" loading=\"lazy\" \/>\t\t\t\t\t\t\t\t\t\t\t\t\t\t\t<\/div>\n\t\t\t\t<\/div>\n\t\t\t\t\t<\/div>\n\t\t<\/div>\n\t\t\t\t\t<\/div>\n\t\t<\/section>\n\t\t\t\t<section class=\"elementor-section elementor-top-section elementor-element elementor-element-ad72d7a elementor-section-boxed elementor-section-height-default elementor-section-height-default\" data-id=\"ad72d7a\" data-element_type=\"section\" data-e-type=\"section\">\n\t\t\t\t\t\t<div class=\"elementor-container elementor-column-gap-default\">\n\t\t\t\t\t<div class=\"elementor-column elementor-col-100 elementor-top-column elementor-element elementor-element-e39ca2e\" data-id=\"e39ca2e\" data-element_type=\"column\" data-e-type=\"column\">\n\t\t\t<div class=\"elementor-widget-wrap elementor-element-populated\">\n\t\t\t\t\t\t<div class=\"elementor-element elementor-element-4f7e235 elementor-widget elementor-widget-text-editor\" data-id=\"4f7e235\" data-element_type=\"widget\" data-e-type=\"widget\" data-widget_type=\"text-editor.default\">\n\t\t\t\t<div class=\"elementor-widget-container\">\n\t\t\t\t\t\t\t\t\t<section class=\"elementor-section elementor-top-section elementor-element elementor-element-b9e1f2f elementor-section-boxed elementor-section-height-default elementor-section-height-default\" data-id=\"b9e1f2f\" data-element_type=\"section\"><div class=\"elementor-container elementor-column-gap-default\"><div class=\"elementor-column elementor-col-100 elementor-top-column elementor-element elementor-element-177b5e3\" data-id=\"177b5e3\" data-element_type=\"column\"><div class=\"elementor-widget-wrap elementor-element-populated\"><div class=\"elementor-element elementor-element-dfcc468 elementor-widget elementor-widget-heading\" data-id=\"dfcc468\" data-element_type=\"widget\" data-widget_type=\"heading.default\"><div class=\"elementor-widget-container\"><h6 class=\"elementor-heading-title elementor-size-default\"><b><u>\u00dcbersicht zur Organisation des Jagdgebrauchshundewesens in Deutschland:<\/u><\/b><\/h6><\/div><\/div><\/div><\/div><\/div><\/section><section class=\"elementor-section elementor-top-section elementor-element elementor-element-0173fb6 elementor-section-boxed elementor-section-height-default elementor-section-height-default\" data-id=\"0173fb6\" data-element_type=\"section\"><div class=\"elementor-container elementor-column-gap-default\"><div class=\"elementor-column elementor-col-100 elementor-top-column elementor-element elementor-element-17e0135\" data-id=\"17e0135\" data-element_type=\"column\"><div class=\"elementor-widget-wrap elementor-element-populated\"><div class=\"elementor-element elementor-element-d20d8c7 elementor-widget elementor-widget-text-editor\" data-id=\"d20d8c7\" data-element_type=\"widget\" data-widget_type=\"text-editor.default\"><div class=\"elementor-widget-container\"><p>\u00a0<\/p><p>\u00a0<\/p><p><b>Die Entwicklung des Gebrauchshundewesens: <\/b><\/p><p>Als die Geburtsstunde des Gebrauchshundes bezeichnet Kleemann das Jahr 1806, in welchem der Feudalstaat durch Napoleon zerschlagen wurde und breite Kreise in den nichtpreu\u00dfischen deutschen Staaten an der Niederjagd teilnehmen konnten. Mit dem Motto \u201eZucht auf Leistung\u201c bauten haupts\u00e4chlich die Kynologen Hegewald und Oberl\u00e4nder auch das Pr\u00fcfungswesen auf, so wie wir es heute noch kennen. Sie sind die geistigen V\u00e4ter des Gebrauchshundewesens. Ihrem Wirken verdanken wir die Gr\u00fcndung der Jagdgebrauchshundebewegung und den sich nach 1897 schnell bildenden Zucht- und Pr\u00fcfungsvereinen sowie dem Jagdgebrauchshundeverband.<\/p><p>In den folgenden Jahren entwickelten sich entsprechend der Verwendungsm\u00f6glichkeiten neben den <b>Vorstehhunden<\/b> die Rassegruppen der <b>St\u00f6berhunde<\/b>,<b> Erdhunde<\/b>, <b>Schwei\u00dfhunde<\/b> sowie der<b> Bracken<\/b>. F\u00fcr alle diese Rassen bildeten sich Zucht- und Pr\u00fcfungsvereine mit feststehenden Regularien wie Satzungen und Pr\u00fcfungs-, Zucht- und Richterordnung.<\/p><p><b>Die Pr\u00fcfungen werden von den einzelnen Rasseverb\u00e4nden mit eigens ausgebildeten Pr\u00fcfern (Richter) f\u00fcr die jeweilige Rasse als Zuchtpr\u00fcfung (zur Feststellung des Zuchtwertes) oder als Leistungspr\u00fcfungen (zur Feststellung der Leistungswerte) durchgef\u00fchrt<\/b>. Grundlagen daf\u00fcr sind die jeweiligen Pr\u00fcfungsordnungen der Rasseverb\u00e4nde. Mit einer bestandenen Leistungspr\u00fcfung erwirbt der Jagdhund die jagdliche Brauchbarkeit f\u00fcr die bestandenen F\u00e4cher (Gr\u00fcne Karte).<\/p><p>Dar\u00fcber hinaus gibt es rasseoffene Brauchbarkeitspr\u00fcfungen (BP) auf der Grundlage einer Brauchbarkeitspr\u00fcfungsordnung (BPO), die von der Obersten Jagdbeh\u00f6rde des jeweiligen Bundeslandes best\u00e4tigt sein muss.<\/p><p><b>Achtung! Im Freistaat Sachsen existieren zwei BPO!<\/b><\/p><p><b>BPO der Jagkynologischen Vereinigung:<\/b> <span style=\"mso-spacerun: yes;\">\u00a0<\/span>F\u00fcr Jagdgebrauchshunde des JGHV, VDH und FCI. Diese Pr\u00fcfungen werden von den Rassezuchtverb\u00e4nden des JGHV mit ausgeschrieben und gepr\u00fcft mit beim JGHV ausgebildeten Richtern.<\/p><p>\u00a0<\/p><p><b><span style=\"mso-spacerun: yes;\">\u00a0<\/span>BPO des Landesjagdverbandes Sachsen:<\/b> F\u00fcr alle Hunde, die vom Ph\u00e4notyp einer Jagdhunderasse entsprechen.<\/p><p><b>Heutige Organisationsstruktur des Jagdgebrauchshundewesen: <\/b><span style=\"mso-spacerun: yes;\">\u00a0<\/span><\/p><p>Der Dachverband aller in Deutschland registrierten Zuchtvereine ist der <b>Jagdgebrauchshundeverband.<\/b><\/p><p>Dem zugeordnet ist die Jagdkynologische Vereinigung der einzelnen Bundesl\u00e4nder.<\/p><p>Der Jagdgebrauchshundeverband (JGHV) ist Mitglied <b>I<\/b>m<b> Verband Deutsches Hundewesen.<\/b><\/p><p>Der Verband Deutsches Hundewesen (VDH) ist Mitglied im Welthundeverband (FCI).<\/p><p>\u00a0<\/p><p>M. Kittel<\/p><p>Obmann f\u00fcr Jagdgebrauchshunde<\/p><\/div><\/div><\/div><\/div><\/div><\/section><p>\u00a0<\/p>\t\t\t\t\t\t\t\t<\/div>\n\t\t\t\t<\/div>\n\t\t\t\t\t<\/div>\n\t\t<\/div>\n\t\t\t\t\t<\/div>\n\t\t<\/section>\n\t\t\t\t<\/div>\n\t\t","protected":false},"excerpt":{"rendered":"<p>Jagdgebrauchshundewesen \u00dcbersicht zur Organisation des Jagdgebrauchshundewesens in Deutschland: \u00a0 \u00a0 Die Entwicklung des Gebrauchshundewesens: Als die Geburtsstunde des Gebrauchshundes bezeichnet Kleemann das Jahr 1806, in welchem der Feudalstaat durch Napoleon zerschlagen wurde und breite Kreise in den nichtpreu\u00dfischen deutschen Staaten an der Niederjagd teilnehmen konnten. Mit dem Motto \u201eZucht auf Leistung\u201c bauten haupts\u00e4chlich die Kynologen [&hellip;]<\/p>\n","protected":false},"author":1,"featured_media":0,"parent":0,"menu_order":0,"comment_status":"closed","ping_status":"closed","template":"","meta":{"site-sidebar-layout":"no-sidebar","site-content-layout":"page-builder","ast-site-content-layout":"full-width-container","site-content-style":"default","site-sidebar-style":"default","ast-global-header-display":"","ast-banner-title-visibility":"","ast-main-header-display":"","ast-hfb-above-header-display":"","ast-hfb-below-header-display":"","ast-hfb-mobile-header-display":"","site-post-title":"disabled","ast-breadcrumbs-content":"","ast-featured-img":"disabled","footer-sml-layout":"","ast-disable-related-posts":"","theme-transparent-header-meta":"","adv-header-id-meta":"","stick-header-meta":"","header-above-stick-meta":"","header-main-stick-meta":"","header-below-stick-meta":"","astra-migrate-meta-layouts":"set","ast-page-background-enabled":"default","ast-page-background-meta":{"desktop":{"background-color":"","background-image":"","background-repeat":"repeat","background-position":"center center","background-size":"auto","background-attachment":"scroll","background-type":"","background-media":"","overlay-type":"","overlay-color":"","overlay-opacity":"","overlay-gradient":""},"tablet":{"background-color":"","background-image":"","background-repeat":"repeat","background-position":"center center","background-size":"auto","background-attachment":"scroll","background-type":"","background-media":"","overlay-type":"","overlay-color":"","overlay-opacity":"","overlay-gradient":""},"mobile":{"background-color":"","background-image":"","background-repeat":"repeat","background-position":"center center","background-size":"auto","background-attachment":"scroll","background-type":"","background-media":"","overlay-type":"","overlay-color":"","overlay-opacity":"","overlay-gradient":""}},"ast-content-background-meta":{"desktop":{"background-color":"var(--ast-global-color-5)","background-image":"","background-repeat":"repeat","background-position":"center center","background-size":"auto","background-attachment":"scroll","background-type":"","background-media":"","overlay-type":"","overlay-color":"","overlay-opacity":"","overlay-gradient":""},"tablet":{"background-color":"var(--ast-global-color-5)","background-image":"","background-repeat":"repeat","background-position":"center center","background-size":"auto","background-attachment":"scroll","background-type":"","background-media":"","overlay-type":"","overlay-color":"","overlay-opacity":"","overlay-gradient":""},"mobile":{"background-color":"var(--ast-global-color-5)","background-image":"","background-repeat":"repeat","background-position":"center center","background-size":"auto","background-attachment":"scroll","background-type":"","background-media":"","overlay-type":"","overlay-color":"","overlay-opacity":"","overlay-gradient":""}},"footnotes":""},"class_list":["post-2367","page","type-page","status-publish","hentry"],"_links":{"self":[{"href":"https:\/\/kamenzer-jagdverband.de\/index.php?rest_route=\/wp\/v2\/pages\/2367","targetHints":{"allow":["GET"]}}],"collection":[{"href":"https:\/\/kamenzer-jagdverband.de\/index.php?rest_route=\/wp\/v2\/pages"}],"about":[{"href":"https:\/\/kamenzer-jagdverband.de\/index.php?rest_route=\/wp\/v2\/types\/page"}],"author":[{"embeddable":true,"href":"https:\/\/kamenzer-jagdverband.de\/index.php?rest_route=\/wp\/v2\/users\/1"}],"replies":[{"embeddable":true,"href":"https:\/\/kamenzer-jagdverband.de\/index.php?rest_route=%2Fwp%2Fv2%2Fcomments&post=2367"}],"version-history":[{"count":11,"href":"https:\/\/kamenzer-jagdverband.de\/index.php?rest_route=\/wp\/v2\/pages\/2367\/revisions"}],"predecessor-version":[{"id":2821,"href":"https:\/\/kamenzer-jagdverband.de\/index.php?rest_route=\/wp\/v2\/pages\/2367\/revisions\/2821"}],"wp:attachment":[{"href":"https:\/\/kamenzer-jagdverband.de\/index.php?rest_route=%2Fwp%2Fv2%2Fmedia&parent=2367"}],"curies":[{"name":"wp","href":"https:\/\/api.w.org\/{rel}","templated":true}]}}