{"id":1360,"date":"2022-12-01T21:44:53","date_gmt":"2022-12-01T21:44:53","guid":{"rendered":"http:\/\/kamenzer-jagdverband.com\/?page_id=1360"},"modified":"2025-01-12T13:38:52","modified_gmt":"2025-01-12T13:38:52","slug":"hundewesen","status":"publish","type":"page","link":"https:\/\/kamenzer-jagdverband.de\/?page_id=1360","title":{"rendered":"Hundewesen"},"content":{"rendered":"\t\t<div data-elementor-type=\"wp-page\" data-elementor-id=\"1360\" class=\"elementor elementor-1360\">\n\t\t\t\t\t\t<section class=\"elementor-section elementor-top-section elementor-element elementor-element-332840fe elementor-section-height-min-height elementor-section-boxed elementor-section-height-default elementor-section-items-middle\" data-id=\"332840fe\" data-element_type=\"section\" data-e-type=\"section\" data-settings=\"{&quot;background_background&quot;:&quot;classic&quot;,&quot;shape_divider_bottom&quot;:&quot;wave-brush&quot;,&quot;animation&quot;:&quot;none&quot;}\">\n\t\t\t\t\t<div class=\"elementor-shape elementor-shape-bottom\" aria-hidden=\"true\" data-negative=\"false\">\n\t\t\t<svg xmlns=\"http:\/\/www.w3.org\/2000\/svg\" viewBox=\"0 0 283.5 27.8\" preserveAspectRatio=\"none\">\n\t<path class=\"elementor-shape-fill\" d=\"M283.5,9.7c0,0-7.3,4.3-14,4.6c-6.8,0.3-12.6,0-20.9-1.5c-11.3-2-33.1-10.1-44.7-5.7\ts-12.1,4.6-18,7.4c-6.6,3.2-20,9.6-36.6,9.3C131.6,23.5,99.5,7.2,86.3,8c-1.4,0.1-6.6,0.8-10.5,2c-3.8,1.2-9.4,3.8-17,4.7\tc-3.2,0.4-8.3,1.1-14.2,0.9c-1.5-0.1-6.3-0.4-12-1.6c-5.7-1.2-11-3.1-15.8-3.7C6.5,9.2,0,10.8,0,10.8V0h283.5V9.7z M260.8,11.3\tc-0.7-1-2-0.4-4.3-0.4c-2.3,0-6.1-1.2-5.8-1.1c0.3,0.1,3.1,1.5,6,1.9C259.7,12.2,261.4,12.3,260.8,11.3z M242.4,8.6\tc0,0-2.4-0.2-5.6-0.9c-3.2-0.8-10.3-2.8-15.1-3.5c-8.2-1.1-15.8,0-15.1,0.1c0.8,0.1,9.6-0.6,17.6,1.1c3.3,0.7,9.3,2.2,12.4,2.7\tC239.9,8.7,242.4,8.6,242.4,8.6z M185.2,8.5c1.7-0.7-13.3,4.7-18.5,6.1c-2.1,0.6-6.2,1.6-10,2c-3.9,0.4-8.9,0.4-8.8,0.5\tc0,0.2,5.8,0.8,11.2,0c5.4-0.8,5.2-1.1,7.6-1.6C170.5,14.7,183.5,9.2,185.2,8.5z M199.1,6.9c0.2,0-0.8-0.4-4.8,1.1\tc-4,1.5-6.7,3.5-6.9,3.7c-0.2,0.1,3.5-1.8,6.6-3C197,7.5,199,6.9,199.1,6.9z M283,6c-0.1,0.1-1.9,1.1-4.8,2.5s-6.9,2.8-6.7,2.7\tc0.2,0,3.5-0.6,7.4-2.5C282.8,6.8,283.1,5.9,283,6z M31.3,11.6c0.1-0.2-1.9-0.2-4.5-1.2s-5.4-1.6-7.8-2C15,7.6,7.3,8.5,7.7,8.6\tC8,8.7,15.9,8.3,20.2,9.3c2.2,0.5,2.4,0.5,5.7,1.6S31.2,11.9,31.3,11.6z M73,9.2c0.4-0.1,3.5-1.6,8.4-2.6c4.9-1.1,8.9-0.5,8.9-0.8\tc0-0.3-1-0.9-6.2-0.3S72.6,9.3,73,9.2z M71.6,6.7C71.8,6.8,75,5.4,77.3,5c2.3-0.3,1.9-0.5,1.9-0.6c0-0.1-1.1-0.2-2.7,0.2\tC74.8,5.1,71.4,6.6,71.6,6.7z M93.6,4.4c0.1,0.2,3.5,0.8,5.6,1.8c2.1,1,1.8,0.6,1.9,0.5c0.1-0.1-0.8-0.8-2.4-1.3\tC97.1,4.8,93.5,4.2,93.6,4.4z M65.4,11.1c-0.1,0.3,0.3,0.5,1.9-0.2s2.6-1.3,2.2-1.2s-0.9,0.4-2.5,0.8C65.3,10.9,65.5,10.8,65.4,11.1\tz M34.5,12.4c-0.2,0,2.1,0.8,3.3,0.9c1.2,0.1,2,0.1,2-0.2c0-0.3-0.1-0.5-1.6-0.4C36.6,12.8,34.7,12.4,34.5,12.4z M152.2,21.1\tc-0.1,0.1-2.4-0.3-7.5-0.3c-5,0-13.6-2.4-17.2-3.5c-3.6-1.1,10,3.9,16.5,4.1C150.5,21.6,152.3,21,152.2,21.1z\"\/>\n\t<path class=\"elementor-shape-fill\" d=\"M269.6,18c-0.1-0.1-4.6,0.3-7.2,0c-7.3-0.7-17-3.2-16.6-2.9c0.4,0.3,13.7,3.1,17,3.3\tC267.7,18.8,269.7,18,269.6,18z\"\/>\n\t<path class=\"elementor-shape-fill\" d=\"M227.4,9.8c-0.2-0.1-4.5-1-9.5-1.2c-5-0.2-12.7,0.6-12.3,0.5c0.3-0.1,5.9-1.8,13.3-1.2\tS227.6,9.9,227.4,9.8z\"\/>\n\t<path class=\"elementor-shape-fill\" d=\"M204.5,13.4c-0.1-0.1,2-1,3.2-1.1c1.2-0.1,2,0,2,0.3c0,0.3-0.1,0.5-1.6,0.4\tC206.4,12.9,204.6,13.5,204.5,13.4z\"\/>\n\t<path class=\"elementor-shape-fill\" d=\"M201,10.6c0-0.1-4.4,1.2-6.3,2.2c-1.9,0.9-6.2,3.1-6.1,3.1c0.1,0.1,4.2-1.6,6.3-2.6\tS201,10.7,201,10.6z\"\/>\n\t<path class=\"elementor-shape-fill\" d=\"M154.5,26.7c-0.1-0.1-4.6,0.3-7.2,0c-7.3-0.7-17-3.2-16.6-2.9c0.4,0.3,13.7,3.1,17,3.3\tC152.6,27.5,154.6,26.8,154.5,26.7z\"\/>\n\t<path class=\"elementor-shape-fill\" d=\"M41.9,19.3c0,0,1.2-0.3,2.9-0.1c1.7,0.2,5.8,0.9,8.2,0.7c4.2-0.4,7.4-2.7,7-2.6\tc-0.4,0-4.3,2.2-8.6,1.9c-1.8-0.1-5.1-0.5-6.7-0.4S41.9,19.3,41.9,19.3z\"\/>\n\t<path class=\"elementor-shape-fill\" d=\"M75.5,12.6c0.2,0.1,2-0.8,4.3-1.1c2.3-0.2,2.1-0.3,2.1-0.5c0-0.1-1.8-0.4-3.4,0\tC76.9,11.5,75.3,12.5,75.5,12.6z\"\/>\n\t<path class=\"elementor-shape-fill\" d=\"M15.6,13.2c0-0.1,4.3,0,6.7,0.5c2.4,0.5,5,1.9,5,2c0,0.1-2.7-0.8-5.1-1.4\tC19.9,13.7,15.7,13.3,15.6,13.2z\"\/>\n<\/svg>\t\t<\/div>\n\t\t\t\t\t<div class=\"elementor-container elementor-column-gap-default\">\n\t\t\t\t\t<div class=\"elementor-column elementor-col-100 elementor-top-column elementor-element elementor-element-2951608\" data-id=\"2951608\" data-element_type=\"column\" data-e-type=\"column\">\n\t\t\t<div class=\"elementor-widget-wrap elementor-element-populated\">\n\t\t\t\t\t\t<div class=\"elementor-element elementor-element-49c05f8 elementor-widget elementor-widget-heading\" data-id=\"49c05f8\" data-element_type=\"widget\" data-e-type=\"widget\" data-widget_type=\"heading.default\">\n\t\t\t\t<div class=\"elementor-widget-container\">\n\t\t\t\t\t<h2 class=\"elementor-heading-title elementor-size-default\">Hundewesen<\/h2>\t\t\t\t<\/div>\n\t\t\t\t<\/div>\n\t\t\t\t\t<\/div>\n\t\t<\/div>\n\t\t\t\t\t<\/div>\n\t\t<\/section>\n\t\t\t\t<section class=\"elementor-section elementor-top-section elementor-element elementor-element-9bb02ab elementor-section-boxed elementor-section-height-default elementor-section-height-default\" data-id=\"9bb02ab\" data-element_type=\"section\" data-e-type=\"section\">\n\t\t\t\t\t\t<div class=\"elementor-container elementor-column-gap-default\">\n\t\t\t\t\t<div class=\"elementor-column elementor-col-100 elementor-top-column elementor-element elementor-element-db9d972\" data-id=\"db9d972\" data-element_type=\"column\" data-e-type=\"column\">\n\t\t\t<div class=\"elementor-widget-wrap elementor-element-populated\">\n\t\t\t\t\t\t<div class=\"elementor-element elementor-element-2fa1d8a elementor-widget elementor-widget-text-editor\" data-id=\"2fa1d8a\" data-element_type=\"widget\" data-e-type=\"widget\" data-widget_type=\"text-editor.default\">\n\t\t\t\t<div class=\"elementor-widget-container\">\n\t\t\t\t\t\t\t\t\t<p><u><b>Hinweise:<\/b><\/u><\/p><p><span style=\"font-size: 12pt;\">J\u00e4ger, die f\u00fcr Dr\u00fcckjagden St\u00f6berhunde ben\u00f6tigen, melden sich bitte bei Manfred Kittel.<br \/><br \/>Hundef\u00fchrer, mit gepr\u00fcften Jagdhunden aus dem Altkreis Kamenz, die auch mit Ihren Hunden auf diese Seite m\u00f6chten,<br \/>m\u00f6gen sich bitte bei unserem Vorsitzenden Gunter Franke melden.<\/span><\/p><p><span style=\"font-size: 12pt;\"><b><br \/>TIER\u00c4RZTE<\/b><br \/>Dr. Bernd Lindner<br \/>Nordstra\u00dfe 9<br \/>01936 Gro\u00dfnaundorf<br \/>Tel. (035955) 7 28 62<br \/>Handy (0171) 400 81 19<\/span><\/p><p>\u00a0<\/p>\t\t\t\t\t\t\t\t<\/div>\n\t\t\t\t<\/div>\n\t\t\t\t\t<\/div>\n\t\t<\/div>\n\t\t\t\t\t<\/div>\n\t\t<\/section>\n\t\t\t\t<section class=\"elementor-section elementor-top-section elementor-element elementor-element-b9e1f2f elementor-section-boxed elementor-section-height-default elementor-section-height-default\" data-id=\"b9e1f2f\" data-element_type=\"section\" data-e-type=\"section\">\n\t\t\t\t\t\t<div class=\"elementor-container elementor-column-gap-default\">\n\t\t\t\t\t<div class=\"elementor-column elementor-col-100 elementor-top-column elementor-element elementor-element-8eaa97e\" data-id=\"8eaa97e\" data-element_type=\"column\" data-e-type=\"column\">\n\t\t\t<div class=\"elementor-widget-wrap elementor-element-populated\">\n\t\t\t\t\t\t<section class=\"elementor-section elementor-inner-section elementor-element elementor-element-a18091a elementor-section-boxed elementor-section-height-default elementor-section-height-default\" data-id=\"a18091a\" data-element_type=\"section\" data-e-type=\"section\">\n\t\t\t\t\t\t<div class=\"elementor-container elementor-column-gap-default\">\n\t\t\t\t\t<div class=\"elementor-column elementor-col-50 elementor-inner-column elementor-element elementor-element-dcc1755\" data-id=\"dcc1755\" data-element_type=\"column\" data-e-type=\"column\">\n\t\t\t<div class=\"elementor-widget-wrap elementor-element-populated\">\n\t\t\t\t\t\t<div class=\"elementor-element elementor-element-7b3b939 elementor-widget__width-initial elementor-widget elementor-widget-image\" data-id=\"7b3b939\" data-element_type=\"widget\" data-e-type=\"widget\" data-widget_type=\"image.default\">\n\t\t\t\t<div class=\"elementor-widget-container\">\n\t\t\t\t\t\t\t\t\t\t\t\t\t\t\t<img fetchpriority=\"high\" decoding=\"async\" width=\"270\" height=\"287\" src=\"https:\/\/kamenzer-jagdverband.de\/wp-content\/uploads\/2024\/03\/LJV-SN-Logo.jpg\" class=\"attachment-medium size-medium wp-image-2524\" alt=\"\" \/>\t\t\t\t\t\t\t\t\t\t\t\t\t\t\t<\/div>\n\t\t\t\t<\/div>\n\t\t\t\t\t<\/div>\n\t\t<\/div>\n\t\t\t\t<div class=\"elementor-column elementor-col-50 elementor-inner-column elementor-element elementor-element-7c0bfb8\" data-id=\"7c0bfb8\" data-element_type=\"column\" data-e-type=\"column\">\n\t\t\t<div class=\"elementor-widget-wrap elementor-element-populated\">\n\t\t\t\t\t\t<div class=\"elementor-element elementor-element-71fdbc2 elementor-widget elementor-widget-heading\" data-id=\"71fdbc2\" data-element_type=\"widget\" data-e-type=\"widget\" data-widget_type=\"heading.default\">\n\t\t\t\t<div class=\"elementor-widget-container\">\n\t\t\t\t\t<h4 class=\"elementor-heading-title elementor-size-default\"><br><br><br><u>Statement des Pr\u00e4sidiums des LJVSN e.V. zum Thema \"Gef\u00e4hrdung unserer Jagdhunde durch den Wolf\"<\/u><\/h4>\t\t\t\t<\/div>\n\t\t\t\t<\/div>\n\t\t\t\t\t<\/div>\n\t\t<\/div>\n\t\t\t\t\t<\/div>\n\t\t<\/section>\n\t\t\t\t\t<\/div>\n\t\t<\/div>\n\t\t\t\t\t<\/div>\n\t\t<\/section>\n\t\t\t\t<section class=\"elementor-section elementor-top-section elementor-element elementor-element-0173fb6 elementor-section-boxed elementor-section-height-default elementor-section-height-default\" data-id=\"0173fb6\" data-element_type=\"section\" data-e-type=\"section\">\n\t\t\t\t\t\t<div class=\"elementor-container elementor-column-gap-default\">\n\t\t\t\t\t<div class=\"elementor-column elementor-col-100 elementor-top-column elementor-element elementor-element-17e0135\" data-id=\"17e0135\" data-element_type=\"column\" data-e-type=\"column\">\n\t\t\t<div class=\"elementor-widget-wrap elementor-element-populated\">\n\t\t\t\t\t\t<div class=\"elementor-element elementor-element-980a252 elementor-widget elementor-widget-text-editor\" data-id=\"980a252\" data-element_type=\"widget\" data-e-type=\"widget\" data-widget_type=\"text-editor.default\">\n\t\t\t\t<div class=\"elementor-widget-container\">\n\t\t\t\t\t\t\t\t\tSehr geehrte Hundef\u00fchrerinnen und Hundef\u00fchrer,<br><br><div>der st\u00e4ndige Ausschuss der Berner Konvention hat am 03.12.2024 einem Antrag der EUKommission zugestimmt, den Schutzstatus des Wolfs herabzustufen, von streng gesch\u00fctzt auf gesch\u00fctzt. Das war wichtig und richtig, aber lassen wir uns nicht t\u00e4uschen, es gibt 3-monatige Einspruchsfristen der EU-Mitglieder, es gibt notwendige Ver\u00e4nderungen in unseren Landesjagdgesetzen &#8211; der Wolf ist noch nicht in jedem Bundesland im Jagdrecht, und das Bundesnaturschutzgesetz muss \u201eby the way\u201c angepasst werden, nennen wir es also seri\u00f6s einen ersten Schritt.Die steigende Wolfspopulation gef\u00e4hrdet unsere Jagdhelfer. Aktuell sind die Zahlen geschlagener Hunde durch Schwarzwild, \u00fcberfahrene Hunde und tats\u00e4chlich, auch das kommt vor, von Waschb\u00e4ren ertr\u00e4nkte Jagdhelfer, immer noch gr\u00f6\u00dfer als die Anzahl der Wolfsangriffe. Aber es ist nur eine Frage der Zeit und die Gefahr f\u00fcr St\u00f6berhunde bei den Treibjagden ist gro\u00df. Nachsuchengespanne sind sicher auch betroffen, aber da ist weniger Durcheinander und der Hundef\u00fchrer i.d.R. schneller vor Ort und kann eingreifen.&nbsp;<br>In Brandenburg hat das nicht geklappt, der best\u00e4tigte und erfahrene Nachsuchenf\u00fchrer hat seinen Terrier verloren. Hieraus nun eine Empfehlung abzuleiten, die Hunde nicht mehr zu schnallen, kann keine L\u00f6sung sein, weil wir damit den Tierschutz vernachl\u00e4ssigen w\u00fcrden, den wir dem angeschwei\u00dften St\u00fcck schulden. Unsere Empfehlung geht dahin, dass wir raten, nur kurz jagende, aber gemischte Meuten gehorsamer St\u00f6berhunde einzusetzen. Damit veranlassen wir den Wolf, sich schon fr\u00fch aus dem Treiben zur\u00fcckzuziehen und bedr\u00e4ngen ihn nicht. Die Hundef\u00fchrer sind auch dichter am Geschehen, um einzuwirken. Im \u00dcbrigen verwahren wir uns dagegen, dass Fremde, wom\u00f6glich Angestellte des Landesforstes, unsere Arbeit machen, das ist die ureigene Aufgabe des Revierinhabers, er muss nur Rechtssicherheit genie\u00dfen und so weit wie m\u00f6glich anonym bleiben. Der Wolf, wenn er denn endlich als Problem erkannt wird, ist unsere gemeinsame Aufgabe. Wir wollen ihn bejagen, aber nicht ausrotten.&nbsp;<br>Wurde ihr Jagdhund vom Wolf angegriffen, melden Sie dies bitte unverz\u00fcglich dem&nbsp; Landesjagdverband Sachsen e. V. unter 037328 123914 oder info@jagd-sachsen.de und im Nachgang der Zentralen Schadenshotline des Landesamtes f\u00fcr Umwelt \u00fcber folgende Handynummer: 035242\/631-8201 oder 0800 555 0 666&nbsp;<\/div><br>P. Palmen, Mitglied im Pr\u00e4sidium des Landesjagdverband Sachsen e. V.<br><br>\t\t\t\t\t\t\t\t<\/div>\n\t\t\t\t<\/div>\n\t\t\t\t\t<\/div>\n\t\t<\/div>\n\t\t\t\t\t<\/div>\n\t\t<\/section>\n\t\t\t\t<section class=\"elementor-section elementor-top-section elementor-element elementor-element-5349a44 elementor-section-boxed elementor-section-height-default elementor-section-height-default\" data-id=\"5349a44\" data-element_type=\"section\" data-e-type=\"section\">\n\t\t\t\t\t\t<div class=\"elementor-container elementor-column-gap-default\">\n\t\t\t\t\t<div class=\"elementor-column elementor-col-100 elementor-top-column elementor-element elementor-element-3391da2\" data-id=\"3391da2\" data-element_type=\"column\" data-e-type=\"column\">\n\t\t\t<div class=\"elementor-widget-wrap elementor-element-populated\">\n\t\t\t\t\t\t<div class=\"elementor-element elementor-element-8995a8e elementor-widget elementor-widget-heading\" data-id=\"8995a8e\" data-element_type=\"widget\" data-e-type=\"widget\" data-widget_type=\"heading.default\">\n\t\t\t\t<div class=\"elementor-widget-container\">\n\t\t\t\t\t<h4 class=\"elementor-heading-title elementor-size-default\"><b><u>\u00dcbersicht zur Organisation des Jagdgebrauchshundewesens in Deutschland:<\/u><\/b><\/h4>\t\t\t\t<\/div>\n\t\t\t\t<\/div>\n\t\t\t\t\t<\/div>\n\t\t<\/div>\n\t\t\t\t\t<\/div>\n\t\t<\/section>\n\t\t\t\t<section class=\"elementor-section elementor-top-section elementor-element elementor-element-48ddcb5 elementor-section-boxed elementor-section-height-default elementor-section-height-default\" data-id=\"48ddcb5\" data-element_type=\"section\" data-e-type=\"section\">\n\t\t\t\t\t\t<div class=\"elementor-container elementor-column-gap-default\">\n\t\t\t\t\t<div class=\"elementor-column elementor-col-100 elementor-top-column elementor-element elementor-element-1f9cab6\" data-id=\"1f9cab6\" data-element_type=\"column\" data-e-type=\"column\">\n\t\t\t<div class=\"elementor-widget-wrap elementor-element-populated\">\n\t\t\t\t\t\t<div class=\"elementor-element elementor-element-6bec091 elementor-widget elementor-widget-text-editor\" data-id=\"6bec091\" data-element_type=\"widget\" data-e-type=\"widget\" data-widget_type=\"text-editor.default\">\n\t\t\t\t<div class=\"elementor-widget-container\">\n\t\t\t\t\t\t\t\t\t<p><b>Die Entwicklung des Gebrauchshundewesens: <\/b><\/p><p>Als die Geburtsstunde des Gebrauchshundes bezeichnet Kleemann das Jahr 1806, in welchem der Feudalstaat durch Napoleon zerschlagen wurde und breite Kreise in den nichtpreu\u00dfischen deutschen Staaten an der Niederjagd teilnehmen konnten. Mit dem Motto \u201eZucht auf Leistung\u201c bauten haupts\u00e4chlich die Kynologen Hegewald und Oberl\u00e4nder auch das Pr\u00fcfungswesen auf, so wie wir es heute noch kennen. Sie sind die geistigen V\u00e4ter des Gebrauchshundewesens. Ihrem Wirken verdanken wir die Gr\u00fcndung der Jagdgebrauchshundebewegung und den sich nach 1897 schnell bildenden Zucht- und Pr\u00fcfungsvereinen sowie dem Jagdgebrauchshundeverband.<\/p><p>In den folgenden Jahren entwickelten sich entsprechend der Verwendungsm\u00f6glichkeiten neben den <b>Vorstehhunden<\/b> die Rassegruppen der <b>St\u00f6berhunde<\/b>,<b> Erdhunde<\/b>, <b>Schwei\u00dfhunde<\/b> sowie der<b> Bracken<\/b>. F\u00fcr alle diese Rassen bildeten sich Zucht- und Pr\u00fcfungsvereine mit feststehenden Regularien wie Satzungen und Pr\u00fcfungs-, Zucht- und Richterordnung.<\/p><p><b>Die Pr\u00fcfungen werden von den einzelnen Rasseverb\u00e4nden mit eigens ausgebildeten Pr\u00fcfern (Richter) f\u00fcr die jeweilige Rasse als Zuchtpr\u00fcfung (zur Feststellung des Zuchtwertes) oder als Leistungspr\u00fcfungen (zur Feststellung der Leistungswerte) durchgef\u00fchrt<\/b>. Grundlagen daf\u00fcr sind die jeweiligen Pr\u00fcfungsordnungen der Rasseverb\u00e4nde. Mit einer bestandenen Leistungspr\u00fcfung erwirbt der Jagdhund die jagdliche Brauchbarkeit f\u00fcr die bestandenen F\u00e4cher (Gr\u00fcne Karte).<\/p><p>Dar\u00fcber hinaus gibt es rasseoffene Brauchbarkeitspr\u00fcfungen (BP) auf der Grundlage einer Brauchbarkeitspr\u00fcfungsordnung (BPO), die von der Obersten Jagdbeh\u00f6rde des jeweiligen Bundeslandes best\u00e4tigt sein muss.<\/p><p><b>Achtung! Im Freistaat Sachsen existieren zwei BPO!<\/b><\/p><p><b>BPO der Jagkynologischen Vereinigung:<\/b> <span style=\"mso-spacerun: yes;\">\u00a0<\/span>F\u00fcr Jagdgebrauchshunde des JGHV, VDH und FCI. Diese Pr\u00fcfungen werden von den Rassezuchtverb\u00e4nden des JGHV mit ausgeschrieben und gepr\u00fcft mit beim JGHV ausgebildeten Richtern.<\/p><p><b><span style=\"mso-spacerun: yes;\">\u00a0<\/span>BPO des Landesjagdverbandes Sachsen:<\/b> F\u00fcr alle Hunde, die vom Ph\u00e4notyp einer Jagdhunderasse entsprechen.<\/p><p><b>Heutige Organisationsstruktur des Jagdgebrauchshundewesen: <\/b><span style=\"mso-spacerun: yes;\">\u00a0<\/span><\/p><p>Der Dachverband aller in Deutschland registrierten Zuchtvereine ist der <b>Jagdgebrauchshundeverband.<\/b><\/p><p>Dem zugeordnet ist die Jagdkynologische Vereinigung der einzelnen Bundesl\u00e4nder.<\/p><p>Der Jagdgebrauchshundeverband (JGHV) ist Mitglied <b>I<\/b>m<b> Verband Deutsches Hundewesen.<\/b><\/p><p>Der Verband Deutsches Hundewesen (VDH) ist Mitglied im Welthundeverband (FCI).<\/p><p>M. Kittel<\/p><p>Obmann f\u00fcr Jagdgebrauchshunde<\/p>\t\t\t\t\t\t\t\t<\/div>\n\t\t\t\t<\/div>\n\t\t\t\t\t<\/div>\n\t\t<\/div>\n\t\t\t\t\t<\/div>\n\t\t<\/section>\n\t\t\t\t<\/div>\n\t\t","protected":false},"excerpt":{"rendered":"<p>Hundewesen Hinweise: J\u00e4ger, die f\u00fcr Dr\u00fcckjagden St\u00f6berhunde ben\u00f6tigen, melden sich bitte bei Manfred Kittel. Hundef\u00fchrer, mit gepr\u00fcften Jagdhunden aus dem Altkreis Kamenz, die auch mit Ihren Hunden auf diese Seite m\u00f6chten,m\u00f6gen sich bitte bei unserem Vorsitzenden Gunter Franke melden. TIER\u00c4RZTEDr. Bernd LindnerNordstra\u00dfe 901936 Gro\u00dfnaundorfTel. (035955) 7 28 62Handy (0171) 400 81 19 \u00a0 Statement des [&hellip;]<\/p>\n","protected":false},"author":1,"featured_media":0,"parent":0,"menu_order":0,"comment_status":"closed","ping_status":"closed","template":"","meta":{"site-sidebar-layout":"no-sidebar","site-content-layout":"page-builder","ast-site-content-layout":"default","site-content-style":"default","site-sidebar-style":"default","ast-global-header-display":"","ast-banner-title-visibility":"","ast-main-header-display":"","ast-hfb-above-header-display":"","ast-hfb-below-header-display":"","ast-hfb-mobile-header-display":"","site-post-title":"disabled","ast-breadcrumbs-content":"","ast-featured-img":"disabled","footer-sml-layout":"","ast-disable-related-posts":"","theme-transparent-header-meta":"","adv-header-id-meta":"","stick-header-meta":"","header-above-stick-meta":"","header-main-stick-meta":"","header-below-stick-meta":"","astra-migrate-meta-layouts":"default","ast-page-background-enabled":"default","ast-page-background-meta":{"desktop":{"background-color":"","background-image":"","background-repeat":"repeat","background-position":"center center","background-size":"auto","background-attachment":"scroll","background-type":"","background-media":"","overlay-type":"","overlay-color":"","overlay-opacity":"","overlay-gradient":""},"tablet":{"background-color":"","background-image":"","background-repeat":"repeat","background-position":"center center","background-size":"auto","background-attachment":"scroll","background-type":"","background-media":"","overlay-type":"","overlay-color":"","overlay-opacity":"","overlay-gradient":""},"mobile":{"background-color":"","background-image":"","background-repeat":"repeat","background-position":"center center","background-size":"auto","background-attachment":"scroll","background-type":"","background-media":"","overlay-type":"","overlay-color":"","overlay-opacity":"","overlay-gradient":""}},"ast-content-background-meta":{"desktop":{"background-color":"var(--ast-global-color-5)","background-image":"","background-repeat":"repeat","background-position":"center center","background-size":"auto","background-attachment":"scroll","background-type":"","background-media":"","overlay-type":"","overlay-color":"","overlay-opacity":"","overlay-gradient":""},"tablet":{"background-color":"var(--ast-global-color-5)","background-image":"","background-repeat":"repeat","background-position":"center center","background-size":"auto","background-attachment":"scroll","background-type":"","background-media":"","overlay-type":"","overlay-color":"","overlay-opacity":"","overlay-gradient":""},"mobile":{"background-color":"var(--ast-global-color-5)","background-image":"","background-repeat":"repeat","background-position":"center center","background-size":"auto","background-attachment":"scroll","background-type":"","background-media":"","overlay-type":"","overlay-color":"","overlay-opacity":"","overlay-gradient":""}},"footnotes":""},"class_list":["post-1360","page","type-page","status-publish","hentry"],"_links":{"self":[{"href":"https:\/\/kamenzer-jagdverband.de\/index.php?rest_route=\/wp\/v2\/pages\/1360","targetHints":{"allow":["GET"]}}],"collection":[{"href":"https:\/\/kamenzer-jagdverband.de\/index.php?rest_route=\/wp\/v2\/pages"}],"about":[{"href":"https:\/\/kamenzer-jagdverband.de\/index.php?rest_route=\/wp\/v2\/types\/page"}],"author":[{"embeddable":true,"href":"https:\/\/kamenzer-jagdverband.de\/index.php?rest_route=\/wp\/v2\/users\/1"}],"replies":[{"embeddable":true,"href":"https:\/\/kamenzer-jagdverband.de\/index.php?rest_route=%2Fwp%2Fv2%2Fcomments&post=1360"}],"version-history":[{"count":29,"href":"https:\/\/kamenzer-jagdverband.de\/index.php?rest_route=\/wp\/v2\/pages\/1360\/revisions"}],"predecessor-version":[{"id":2972,"href":"https:\/\/kamenzer-jagdverband.de\/index.php?rest_route=\/wp\/v2\/pages\/1360\/revisions\/2972"}],"wp:attachment":[{"href":"https:\/\/kamenzer-jagdverband.de\/index.php?rest_route=%2Fwp%2Fv2%2Fmedia&parent=1360"}],"curies":[{"name":"wp","href":"https:\/\/api.w.org\/{rel}","templated":true}]}}